{"id":1400,"date":"2023-05-18T13:11:05","date_gmt":"2023-05-18T11:11:05","guid":{"rendered":"http:\/\/msjungmannovapb.cz\/?page_id=1400"},"modified":"2023-05-18T17:04:30","modified_gmt":"2023-05-18T15:04:30","slug":"provoz","status":"publish","type":"page","link":"https:\/\/msjungmannovapb.cz\/?page_id=1400","title":{"rendered":"Provoz"},"content":{"rendered":"\t\t<div data-elementor-type=\"wp-page\" data-elementor-id=\"1400\" class=\"elementor elementor-1400\">\n\t\t\t\t\t\t\t<div class=\"elementor-element elementor-element-be3bed5 e-con-boxed e-flex e-con\" data-id=\"be3bed5\" data-element_type=\"container\" data-settings=\"{&quot;content_width&quot;:&quot;boxed&quot;}\">\n\t\t\t\t\t<div class=\"e-con-inner\">\n\t\t\t\t<div class=\"elementor-element elementor-element-fef27a0 elementor-widget elementor-widget-heading\" data-id=\"fef27a0\" data-element_type=\"widget\" data-widget_type=\"heading.default\">\n\t\t\t\t<div class=\"elementor-widget-container\">\n\t\t\t<style>\/*! elementor - v3.13.3 - 28-05-2023 *\/\n.elementor-heading-title{padding:0;margin:0;line-height:1}.elementor-widget-heading .elementor-heading-title[class*=elementor-size-]>a{color:inherit;font-size:inherit;line-height:inherit}.elementor-widget-heading .elementor-heading-title.elementor-size-small{font-size:15px}.elementor-widget-heading .elementor-heading-title.elementor-size-medium{font-size:19px}.elementor-widget-heading .elementor-heading-title.elementor-size-large{font-size:29px}.elementor-widget-heading .elementor-heading-title.elementor-size-xl{font-size:39px}.elementor-widget-heading .elementor-heading-title.elementor-size-xxl{font-size:59px}<\/style><h2 class=\"elementor-heading-title elementor-size-default\">Provoz<\/h2>\t\t<\/div>\n\t\t\t\t<\/div>\n\t\t\t\t\t<\/div>\n\t\t\t\t<\/div>\n\t\t<div class=\"elementor-element elementor-element-1c243cb e-con-boxed e-flex e-con\" data-id=\"1c243cb\" data-element_type=\"container\" data-settings=\"{&quot;content_width&quot;:&quot;boxed&quot;}\">\n\t\t\t\t\t<div class=\"e-con-inner\">\n\t\t\t\t<div class=\"elementor-element elementor-element-c5a5599 elementor-widget elementor-widget-text-editor\" data-id=\"c5a5599\" data-element_type=\"widget\" data-widget_type=\"text-editor.default\">\n\t\t\t\t<div class=\"elementor-widget-container\">\n\t\t\t<style>\/*! elementor - v3.13.3 - 28-05-2023 *\/\n.elementor-widget-text-editor.elementor-drop-cap-view-stacked .elementor-drop-cap{background-color:#69727d;color:#fff}.elementor-widget-text-editor.elementor-drop-cap-view-framed .elementor-drop-cap{color:#69727d;border:3px solid;background-color:transparent}.elementor-widget-text-editor:not(.elementor-drop-cap-view-default) .elementor-drop-cap{margin-top:8px}.elementor-widget-text-editor:not(.elementor-drop-cap-view-default) .elementor-drop-cap-letter{width:1em;height:1em}.elementor-widget-text-editor .elementor-drop-cap{float:left;text-align:center;line-height:1;font-size:50px}.elementor-widget-text-editor .elementor-drop-cap-letter{display:inline-block}<\/style>\t\t\t\t<p><span style=\"color: black;\">1. Provozn\u00ed doba M\u0160 je od 6:15 do 16:30 hodin.<\/span><\/p>\n<p><span style=\"color: black;\">2. R\u00e1no p\u0159\u00edchod do M\u0160 do 7:50.<\/span><\/p>\n<p><span style=\"color: black;\">3. V poledne je&nbsp; M\u0160 odem\u010den\u00e1 od 12:05 do 12:30 hodin.<\/span><\/p>\n<p><span style=\"color: black;\">4. Odpoledne se M\u0160 odemyk\u00e1 v 14:45 hodin a zamyk\u00e1 v&nbsp;16:30 hodin.<\/span><\/p>\n<p><span style=\"color: black;\">Po dohod\u011b je mo\u017eno domluvit si p\u0159\u00edchody a odchody d\u011bt\u00ed kdykoliv b\u011bhem dne.<\/span><\/p>\t\t\t\t\t\t<\/div>\n\t\t\t\t<\/div>\n\t\t\t\t\t<\/div>\n\t\t\t\t<\/div>\n\t\t\t\t\t\t\t<\/div>\n\t\t","protected":false},"excerpt":{"rendered":"<p>Provoz 1. Provozn\u00ed doba M\u0160 je od 6:15 do 16:30 hodin. 2. R\u00e1no p\u0159\u00edchod do M\u0160 do 7:50. 3. V poledne je&nbsp; M\u0160 odem\u010den\u00e1 od 12:05 do 12:30 hodin. 4. Odpoledne se M\u0160 odemyk\u00e1 v 14:45 hodin a zamyk\u00e1 v&nbsp;16:30 hodin. Po dohod\u011b je mo\u017eno domluvit si p\u0159\u00edchody a odchody d\u011bt\u00ed kdykoliv b\u011bhem dne.<\/p>\n","protected":false},"author":1,"featured_media":0,"parent":0,"menu_order":0,"comment_status":"closed","ping_status":"closed","template":"","meta":[],"blocksy_meta":"","_links":{"self":[{"href":"https:\/\/msjungmannovapb.cz\/index.php?rest_route=\/wp\/v2\/pages\/1400"}],"collection":[{"href":"https:\/\/msjungmannovapb.cz\/index.php?rest_route=\/wp\/v2\/pages"}],"about":[{"href":"https:\/\/msjungmannovapb.cz\/index.php?rest_route=\/wp\/v2\/types\/page"}],"author":[{"embeddable":true,"href":"https:\/\/msjungmannovapb.cz\/index.php?rest_route=\/wp\/v2\/users\/1"}],"replies":[{"embeddable":true,"href":"https:\/\/msjungmannovapb.cz\/index.php?rest_route=%2Fwp%2Fv2%2Fcomments&post=1400"}],"version-history":[{"count":17,"href":"https:\/\/msjungmannovapb.cz\/index.php?rest_route=\/wp\/v2\/pages\/1400\/revisions"}],"predecessor-version":[{"id":1820,"href":"https:\/\/msjungmannovapb.cz\/index.php?rest_route=\/wp\/v2\/pages\/1400\/revisions\/1820"}],"wp:attachment":[{"href":"https:\/\/msjungmannovapb.cz\/index.php?rest_route=%2Fwp%2Fv2%2Fmedia&parent=1400"}],"curies":[{"name":"wp","href":"https:\/\/api.w.org\/{rel}","templated":true}]}}