{"id":1410,"date":"2023-05-18T13:17:46","date_gmt":"2023-05-18T11:17:46","guid":{"rendered":"http:\/\/msjungmannovapb.cz\/?page_id=1410"},"modified":"2025-11-10T11:05:07","modified_gmt":"2025-11-10T10:05:07","slug":"platby","status":"publish","type":"page","link":"https:\/\/msjungmannovapb.cz\/?page_id=1410","title":{"rendered":"Platby"},"content":{"rendered":"\t\t<div data-elementor-type=\"wp-page\" data-elementor-id=\"1410\" class=\"elementor elementor-1410\">\n\t\t\t\t\t\t\t<div class=\"elementor-element elementor-element-edeb32d e-con-boxed e-flex e-con\" data-id=\"edeb32d\" data-element_type=\"container\" data-settings=\"{&quot;content_width&quot;:&quot;boxed&quot;}\">\n\t\t\t\t\t<div class=\"e-con-inner\">\n\t\t\t\t<div class=\"elementor-element elementor-element-85c4730 elementor-widget elementor-widget-heading\" data-id=\"85c4730\" data-element_type=\"widget\" data-widget_type=\"heading.default\">\n\t\t\t\t<div class=\"elementor-widget-container\">\n\t\t\t<style>\/*! elementor - v3.13.3 - 28-05-2023 *\/\n.elementor-heading-title{padding:0;margin:0;line-height:1}.elementor-widget-heading .elementor-heading-title[class*=elementor-size-]>a{color:inherit;font-size:inherit;line-height:inherit}.elementor-widget-heading .elementor-heading-title.elementor-size-small{font-size:15px}.elementor-widget-heading .elementor-heading-title.elementor-size-medium{font-size:19px}.elementor-widget-heading .elementor-heading-title.elementor-size-large{font-size:29px}.elementor-widget-heading .elementor-heading-title.elementor-size-xl{font-size:39px}.elementor-widget-heading .elementor-heading-title.elementor-size-xxl{font-size:59px}<\/style><h2 class=\"elementor-heading-title elementor-size-default\">Platby<\/h2>\t\t<\/div>\n\t\t\t\t<\/div>\n\t\t\t\t\t<\/div>\n\t\t\t\t<\/div>\n\t\t<div class=\"elementor-element elementor-element-f046b13 e-con-boxed e-flex e-con\" data-id=\"f046b13\" data-element_type=\"container\" data-settings=\"{&quot;content_width&quot;:&quot;boxed&quot;}\">\n\t\t\t\t\t<div class=\"e-con-inner\">\n\t\t\t\t<div class=\"elementor-element elementor-element-b62f966 elementor-widget elementor-widget-spacer\" data-id=\"b62f966\" data-element_type=\"widget\" data-widget_type=\"spacer.default\">\n\t\t\t\t<div class=\"elementor-widget-container\">\n\t\t\t<style>\/*! elementor - v3.13.3 - 28-05-2023 *\/\n.elementor-column .elementor-spacer-inner{height:var(--spacer-size)}.e-con{--container-widget-width:100%}.e-con-inner>.elementor-widget-spacer,.e-con>.elementor-widget-spacer{width:var(--container-widget-width,var(--spacer-size));--align-self:var(--container-widget-align-self,initial);--flex-shrink:0}.e-con-inner>.elementor-widget-spacer>.elementor-widget-container,.e-con-inner>.elementor-widget-spacer>.elementor-widget-container>.elementor-spacer,.e-con>.elementor-widget-spacer>.elementor-widget-container,.e-con>.elementor-widget-spacer>.elementor-widget-container>.elementor-spacer{height:100%}.e-con-inner>.elementor-widget-spacer>.elementor-widget-container>.elementor-spacer>.elementor-spacer-inner,.e-con>.elementor-widget-spacer>.elementor-widget-container>.elementor-spacer>.elementor-spacer-inner{height:var(--container-widget-height,var(--spacer-size))}<\/style>\t\t<div class=\"elementor-spacer\">\n\t\t\t<div class=\"elementor-spacer-inner\"><\/div>\n\t\t<\/div>\n\t\t\t\t<\/div>\n\t\t\t\t<\/div>\n\t\t<div class=\"elementor-element elementor-element-9e4c652 e-con-boxed e-flex e-con\" data-id=\"9e4c652\" data-element_type=\"container\" data-settings=\"{&quot;content_width&quot;:&quot;boxed&quot;}\">\n\t\t\t\t\t<div class=\"e-con-inner\">\n\t\t\t\t\t<\/div>\n\t\t\t\t<\/div>\n\t\t\t\t<div class=\"elementor-element elementor-element-7c90e77 elementor-widget elementor-widget-text-editor\" data-id=\"7c90e77\" data-element_type=\"widget\" data-widget_type=\"text-editor.default\">\n\t\t\t\t<div class=\"elementor-widget-container\">\n\t\t\t<style>\/*! elementor - v3.13.3 - 28-05-2023 *\/\n.elementor-widget-text-editor.elementor-drop-cap-view-stacked .elementor-drop-cap{background-color:#69727d;color:#fff}.elementor-widget-text-editor.elementor-drop-cap-view-framed .elementor-drop-cap{color:#69727d;border:3px solid;background-color:transparent}.elementor-widget-text-editor:not(.elementor-drop-cap-view-default) .elementor-drop-cap{margin-top:8px}.elementor-widget-text-editor:not(.elementor-drop-cap-view-default) .elementor-drop-cap-letter{width:1em;height:1em}.elementor-widget-text-editor .elementor-drop-cap{float:left;text-align:center;line-height:1;font-size:50px}.elementor-widget-text-editor .elementor-drop-cap-letter{display:inline-block}<\/style>\t\t\t\t<h4 style=\"text-align: left;\"><span style=\"text-decoration: underline;\">P\u0159ehled<strong> plateb v M\u0160:&nbsp;<\/strong><\/span><\/h4>\n<h4 style=\"text-align: left;\">&nbsp;1. \u00faplata za p\u0159ed\u0161koln\u00ed vzd\u011bl\u00e1v\u00e1n\u00ed<br>&nbsp;2. stravn\u00e9<\/h4>\n<h5 style=\"text-align: left;\"><span style=\"text-decoration: underline;\"><strong>Zp\u016fsob platby za stravn\u00e9 a \u00faplatu za p\u0159ed\u0161koln\u00ed vzd\u011bl\u00e1v\u00e1n\u00ed:<\/strong><\/span><\/h5>\n<ul>\n<li>bezhotovostn\u00ed platebn\u00ed styk prost\u0159ednictv\u00edm inkasa<\/li>\n<li style=\"text-align: left;\">hotov\u011b v kancel\u00e1\u0159i vedouc\u00ed \u0161koln\u00ed j\u00eddelny (po domluv\u011b s \u0159editelkou \u0161koly)<\/li>\n<\/ul>\n<p style=\"text-align: left;\">Pros\u00edme rodi\u010de, aby si ka\u017ed\u00fd m\u011bs\u00edc kontrolovali v\u00fdpis, zda platby za stravn\u00e9 a \u0161koln\u00e9 ode\u0161ly. V p\u0159\u00edpad\u011b probl\u00e9mu okam\u017eit\u011b kontaktujte vedouc\u00ed \u0161koln\u00ed j\u00eddelny nebo \u0159editelku \u0161koly, probl\u00e9m je nutno \u0159e\u0161it,&nbsp; aby se p\u0159ede\u0161lo nar\u016fst\u00e1n\u00ed dlu\u017en\u00e9 \u010d\u00e1stky.<\/p>\n<h5 style=\"text-align: left;\"><span style=\"text-decoration: underline;\">\u00daplata za p\u0159ed\u0161koln\u00ed vzd\u011bl\u00e1v\u00e1n\u00ed<\/span><\/h5>\n<p style=\"text-align: left;\">V\u00fd\u0161i \u00faplaty od 1. 9. 2024 stanovil z\u0159izovatel v souladu s Vyhl\u00e1\u0161kou \u010d. 14\/2005 Sb., o mate\u0159sk\u00e9 \u0161kole na<span style=\"color: #ff0000;\"><strong> 600,- m\u011bs\u00ed\u010dn\u011b<\/strong><\/span>, stejn\u011b pro v\u0161echny mate\u0159sk\u00e9 \u0161koly v P\u0159\u00edbrami, kter\u00e9 z\u0159izuje.&nbsp;<\/p>\n<p>V&nbsp;dob\u011b pr\u00e1zdninov\u00e9ho provozu po dohod\u011b se z\u0159izovatelem uhrad\u00ed z\u00e1konn\u00fd z\u00e1stupce pom\u011brnou \u010d\u00e1st \u00faplaty (v\u00fd\u0161e \u010d\u00e1stky se stanov\u00fd dle po\u010dtu dn\u00ed pr\u00e1zdninov\u00e9ho provozu v&nbsp;dan\u00e9 M\u0160).<\/p>\n<p><strong>Vzd\u011bl\u00e1n\u00ed v&nbsp;mate\u0159sk\u00e9 \u0161kole se d\u00edt\u011bti poskytuje bez\u00faplatn\u011b od po\u010d\u00e1tku \u0161koln\u00edho roku, kter\u00fd n\u00e1sleduje po<\/strong> <strong>dni, kdy d\u00edt\u011b dos\u00e1hne p\u00e1t\u00e9ho roku v\u011bku <em>(\u00a7 123 odst. 1 \u0161kolsk\u00e9ho z\u00e1kona) &#8211; tzn. &#8211; d<\/em>\u011bti, kter\u00e9 dovr\u0161\u00ed 31. 8. v\u011bku 5 let a v\u00edce, jsou od \u00faplaty osvobozeny&nbsp;<\/strong><\/p>\n<p style=\"text-align: left;\"><strong><span style=\"text-decoration: underline;\">Osvobozen od \u00faplaty od 1. 9. 2024, pokud z\u00e1konn\u00fd z\u00e1stupce tuto skute\u010dnost prok\u00e1\u017ee \u0159editeli \u0161koly, je d\u00e1le:&nbsp;<\/span><\/strong><\/p>\n<ol>\n<li style=\"text-align: left;\">z\u00e1konn\u00fd z\u00e1stupce d\u00edt\u011bte, kter\u00fd pob\u00edr\u00e1 opakuj\u00edc\u00ed se d\u00e1vku pomoci v hmotn\u00e9 nouzi<\/li>\n<li style=\"text-align: left;\">z\u00e1konn\u00fd z\u00e1stupce nezaopat\u0159en\u00e9ho d\u00edt\u011bte, pokud tomuto d\u00edt\u011bti n\u00e1le\u017e\u00ed zv\u00fd\u0161en\u00ed p\u0159\u00edsp\u011bvku na p\u00e9\u010di, nebo p\u0159\u00eddavek na d\u00edt\u011b<\/li>\n<li style=\"text-align: left;\">rodi\u010d, kter\u00e9mu n\u00e1le\u017e\u00ed zv\u00fd\u0161en\u00ed p\u0159\u00edsp\u011bvku na p\u00e9\u010di z d\u016fvodu p\u00e9\u010de o nezaopat\u0159en\u00e9 d\u00edte<\/li>\n<li style=\"text-align: left;\">fyzick\u00e1 osoba, kter\u00e1 o d\u00edt\u011b osobn\u011b pe\u010duje a z d\u016fvodu p\u00e9\u010de o toto d\u00edt\u011b pob\u00edr\u00e1 d\u00e1vky p\u011bstounsk\u00e9 p\u00e9\u010de<\/li>\n<\/ol>\n<p style=\"text-align: center;\"><span style=\"color: #ff0000;\"><strong>D\u016eLE\u017dIT\u00c9!!!<\/strong><\/span><\/p>\n<p style=\"text-align: center;\"><span style=\"color: #ff0000;\"><strong>Nen\u00ed v kompetenci \u0159editele \u0161koly v\u00fd\u0161e uveden\u00e9 podm\u00ednky zji\u0161\u0165ovat, z\u00e1konn\u00fd z\u00e1stupce se mus\u00ed se svou \u017e\u00e1dost\u00ed obr\u00e1tit na \u0159editele \u0161koly. \u017d\u00e1dost nelze podat zp\u011btn\u011b, tedy na m\u011bs\u00edc z\u00e1\u0159\u00ed pod\u00e1te \u017e\u00e1dost nejpozd\u011bji do 15. 9. a na dal\u0161\u00ed v\u017edy v tom m\u011bs\u00edci, ve kter\u00e9m \u017e\u00e1d\u00e1te.<\/strong><\/span><\/p>\n<p style=\"text-align: center;\"><span style=\"color: #ff0000;\"><strong>&nbsp;<\/strong><\/span><\/p>\n<p style=\"text-align: center;\"><span style=\"color: #ff0000;\"><b><u>Zm\u011bna v\u00fd\u0161e stravn\u00e9ho od 1. z\u00e1\u0159\u00ed 2025<\/u>&nbsp;<\/b><\/span><\/p>\n<p style=\"text-align: center;\"><span style=\"color: #ff0000;\"><b>&#8211; z d\u016fvodu neust\u00e1le rostouc\u00edch cen potravin, doch\u00e1z\u00ed od 1. z\u00e1\u0159\u00ed 2025 ke zm\u011bn\u011b cen za stravn\u00e9<\/b><\/span><\/p>\n<p style=\"text-align: center;\"><span style=\"color: #ff0000;\"><b>&nbsp;&#8211; ceny jsou stanoveny dle finan\u010dn\u00edch normativ\u016f vyhl\u00e1\u0161ky 107\/2005 Sb. ve zn\u011bn\u00ed pozd\u011bj\u0161\u00edch p\u0159edpis\u016f<\/b><\/span><\/p>\n<h5 style=\"text-align: center;\"><strong>Platby za stravn\u00e9&nbsp;<\/strong><\/h5>\n<h6 style=\"text-align: center;\">V\u00fd\u0161e<strong> stravn\u00e9ho:<\/strong><\/h6>\n<h6 style=\"text-align: center;\">&nbsp;<span style=\"font-weight: normal;\">Str\u00e1vnici ve v\u011bku 2-6 let jsou vedeny jako jedna skupina se stejnou cenou j\u00eddel<\/span><\/h6>\n<p style=\"text-align: center;\">P\u0159esn\u00edd\u00e1vka&nbsp;&nbsp;&nbsp;&nbsp;&nbsp;&nbsp; &nbsp;&nbsp;&nbsp;&nbsp;&nbsp;&nbsp;&nbsp;&nbsp;&nbsp;&nbsp;&nbsp;&nbsp;&nbsp;&nbsp;&nbsp; 13,- K\u010d<\/p>\n<p style=\"text-align: center;\">Ob\u011bd&nbsp;&nbsp;&nbsp;&nbsp;&nbsp;&nbsp;&nbsp;&nbsp;&nbsp;&nbsp;&nbsp;&nbsp;&nbsp;&nbsp;&nbsp;&nbsp;&nbsp;&nbsp;&nbsp;&nbsp;&nbsp;&nbsp;&nbsp;&nbsp;&nbsp;&nbsp;&nbsp;&nbsp;&nbsp;&nbsp;&nbsp;&nbsp;&nbsp;&nbsp; 25,- K\u010d<\/p>\n<p style=\"text-align: center;\">Sva\u010dina&nbsp;&nbsp;&nbsp;&nbsp;&nbsp;&nbsp;&nbsp;&nbsp;&nbsp;&nbsp;&nbsp;&nbsp;&nbsp;&nbsp;&nbsp;&nbsp;&nbsp;&nbsp;&nbsp;&nbsp;&nbsp;&nbsp;&nbsp;&nbsp;&nbsp;&nbsp;&nbsp;&nbsp;&nbsp;&nbsp; 12,- K\u010d<\/p>\n<p style=\"text-align: center;\">Celkem&nbsp; &nbsp; &nbsp; &nbsp; &nbsp; &nbsp; &nbsp; &nbsp; &nbsp; &nbsp; &nbsp; &nbsp; &nbsp; &nbsp; &nbsp; &nbsp; 50,- K\u010d<\/p>\n<p style=\"text-align: center;\">D\u00edt\u011b v&nbsp;mate\u0159sk\u00e9 \u0161kole, kter\u00e9 v&nbsp;p\u0159\u00edslu\u0161n\u00e9m \u0161koln\u00edm roce dos\u00e1hne 7 let<\/p>\n<p style=\"text-align: center;\">P\u0159esn\u00edd\u00e1vka&nbsp;&nbsp;&nbsp;&nbsp;&nbsp;&nbsp;&nbsp;&nbsp;&nbsp;&nbsp;&nbsp;&nbsp;&nbsp;&nbsp;&nbsp;&nbsp;&nbsp;&nbsp;&nbsp;&nbsp;&nbsp;&nbsp;&nbsp; 13,- K\u010d<\/p>\n<p style=\"text-align: center;\">Ob\u011bd&nbsp; &nbsp; &nbsp; &nbsp; &nbsp; &nbsp; &nbsp; &nbsp; &nbsp; &nbsp; &nbsp; &nbsp; &nbsp; &nbsp; &nbsp; &nbsp; &nbsp; &nbsp; 29,- K\u010d<\/p>\n<p style=\"text-align: center;\">Sva\u010dina&nbsp; &nbsp; &nbsp; &nbsp; &nbsp; &nbsp; &nbsp; &nbsp; &nbsp; &nbsp; &nbsp; &nbsp; &nbsp; &nbsp; &nbsp; &nbsp; 12,- K\u010d<\/p>\n<p style=\"text-align: center;\">Celkem&nbsp; &nbsp; &nbsp; &nbsp; &nbsp; &nbsp; &nbsp; &nbsp; &nbsp; &nbsp; &nbsp; &nbsp; &nbsp; &nbsp; &nbsp; &nbsp; &nbsp;54,- K\u010d<\/p>\n<p style=\"text-align: center;\">V&nbsp;celkov\u00e9 \u010d\u00e1stce je zapo\u010dten pitn\u00fd re\u017eim na cel\u00fd den.<\/p>\n<p><\/p>\n<p style=\"text-align: left;\"><strong><span style=\"text-decoration: underline;\">Zp\u016fsob placen\u00ed stravn\u00e9ho a \u00faplaty \u2013 alternativa &#8211; inkasem nebo hotov\u011b.<\/span><\/strong><\/p>\n<p style=\"text-align: left;\"><b>Inkasem:&nbsp;<\/b><\/p>\n<ul>\n<li style=\"text-align: left;\">platba stravn\u00e9ho bude str\u017eena k 15. dni v m\u011bs\u00edci na dan\u00fd m\u011bs\u00edc<\/li>\n<li style=\"text-align: left;\">platba \u00faplaty za p\u0159ed\u0161koln\u00ed vzd\u011bl\u00e1v\u00e1n\u00ed bude str\u017eena k 16. dni v m\u011bs\u00edci za dan\u00fd m\u011bs\u00edc<\/li>\n<li style=\"text-align: left;\">p\u0159i ukon\u010den\u00ed doch\u00e1zky d\u00edt\u011bte do M\u0160 bude p\u0159eplatek vr\u00e1cen na \u00fa\u010det z\u00e1konn\u00e9ho z\u00e1stupce d\u00edt\u011bte v n\u00e1sleduj\u00edc\u00ed m\u011bs\u00edc.<\/li>\n<\/ul>\n<p style=\"text-align: left;\"><b>Hotov\u011b:<\/b><\/p>\n<ul>\n<li>platba stravn\u00e9ho a \u00faplaty bude uhrazena do 15. kalend\u00e1\u0159n\u00edho dne v m\u011bs\u00edci v kancel\u00e1\u0159i vedouc\u00ed \u0161koln\u00ed j\u00eddelny v rozmez\u00ed hodin:<\/li>\n<\/ul>\n<p style=\"text-align: center;\">6.30 hodin \u2013 8.30 hod&nbsp; a&nbsp; 14.00 hodin \u2013 15.00 hodin&nbsp;<\/p>\n<p style=\"text-align: left;\">V&nbsp;p\u0159\u00edpad\u011b, \u017ee v&nbsp;dan\u00e9m m\u011bs\u00edci neuhrad\u00edte v\u00fd\u0161e jmenovan\u00e9 platby, neprodlen\u011b kontaktujte vedouc\u00ed \u0161koln\u00ed j\u00eddelny nebo \u0159editelku \u0161koly ohledn\u011b zp\u016fsobu pozd\u011bj\u0161\u00ed \u00fahrady.<\/p>\n<p style=\"text-align: left;\"><strong>Telefon do kancel\u00e1\u0159e V\u0160J: <\/strong>318 627 014&nbsp;<\/p>\t\t\t\t\t\t<\/div>\n\t\t\t\t<\/div>\n\t\t\t\t\t<\/div>\n\t\t\t\t<\/div>\n\t\t\t\t\t\t\t<\/div>\n\t\t","protected":false},"excerpt":{"rendered":"<p>Platby P\u0159ehled plateb v M\u0160:&nbsp; &nbsp;1. \u00faplata za p\u0159ed\u0161koln\u00ed vzd\u011bl\u00e1v\u00e1n\u00ed&nbsp;2. stravn\u00e9 Zp\u016fsob platby za stravn\u00e9 a \u00faplatu za p\u0159ed\u0161koln\u00ed vzd\u011bl\u00e1v\u00e1n\u00ed: bezhotovostn\u00ed platebn\u00ed styk prost\u0159ednictv\u00edm inkasa hotov\u011b v kancel\u00e1\u0159i vedouc\u00ed \u0161koln\u00ed j\u00eddelny (po domluv\u011b s \u0159editelkou \u0161koly) Pros\u00edme rodi\u010de, aby si ka\u017ed\u00fd m\u011bs\u00edc kontrolovali v\u00fdpis, zda platby za stravn\u00e9 a \u0161koln\u00e9 ode\u0161ly. V p\u0159\u00edpad\u011b probl\u00e9mu okam\u017eit\u011b kontaktujte vedouc\u00ed \u0161koln\u00ed j\u00eddelny nebo \u0159editelku \u0161koly, probl\u00e9m je nutno \u0159e\u0161it,&nbsp; aby se p\u0159ede\u0161lo nar\u016fst\u00e1n\u00ed dlu\u017en\u00e9 \u010d\u00e1stky. \u00daplata za p\u0159ed\u0161koln\u00ed vzd\u011bl\u00e1v\u00e1n\u00ed V\u00fd\u0161i \u00faplaty od 1. 9. 2024 stanovil z\u0159izovatel v souladu s Vyhl\u00e1\u0161kou \u010d. 14\/2005 Sb., o mate\u0159sk\u00e9 \u0161kole na 600,- m\u011bs\u00ed\u010dn\u011b, stejn\u011b pro v\u0161echny\u2026<\/p>\n","protected":false},"author":1,"featured_media":0,"parent":0,"menu_order":0,"comment_status":"closed","ping_status":"closed","template":"","meta":[],"blocksy_meta":"","_links":{"self":[{"href":"https:\/\/msjungmannovapb.cz\/index.php?rest_route=\/wp\/v2\/pages\/1410"}],"collection":[{"href":"https:\/\/msjungmannovapb.cz\/index.php?rest_route=\/wp\/v2\/pages"}],"about":[{"href":"https:\/\/msjungmannovapb.cz\/index.php?rest_route=\/wp\/v2\/types\/page"}],"author":[{"embeddable":true,"href":"https:\/\/msjungmannovapb.cz\/index.php?rest_route=\/wp\/v2\/users\/1"}],"replies":[{"embeddable":true,"href":"https:\/\/msjungmannovapb.cz\/index.php?rest_route=%2Fwp%2Fv2%2Fcomments&post=1410"}],"version-history":[{"count":56,"href":"https:\/\/msjungmannovapb.cz\/index.php?rest_route=\/wp\/v2\/pages\/1410\/revisions"}],"predecessor-version":[{"id":3370,"href":"https:\/\/msjungmannovapb.cz\/index.php?rest_route=\/wp\/v2\/pages\/1410\/revisions\/3370"}],"wp:attachment":[{"href":"https:\/\/msjungmannovapb.cz\/index.php?rest_route=%2Fwp%2Fv2%2Fmedia&parent=1410"}],"curies":[{"name":"wp","href":"https:\/\/api.w.org\/{rel}","templated":true}]}}