{"id":1415,"date":"2023-05-18T13:19:21","date_gmt":"2023-05-18T11:19:21","guid":{"rendered":"http:\/\/msjungmannovapb.cz\/?page_id=1415"},"modified":"2026-03-17T10:44:35","modified_gmt":"2026-03-17T09:44:35","slug":"zapis-do-ms","status":"publish","type":"page","link":"https:\/\/msjungmannovapb.cz\/?page_id=1415","title":{"rendered":"Z\u00e1pis do M\u0160"},"content":{"rendered":"\t\t<div data-elementor-type=\"wp-page\" data-elementor-id=\"1415\" class=\"elementor elementor-1415\">\n\t\t\t\t\t\t\t<div class=\"elementor-element elementor-element-4599dc0 e-con-boxed e-flex e-con\" data-id=\"4599dc0\" data-element_type=\"container\" data-settings=\"{&quot;content_width&quot;:&quot;boxed&quot;}\">\n\t\t\t\t\t<div class=\"e-con-inner\">\n\t\t<div class=\"elementor-element elementor-element-bd2b4bf e-con-boxed e-flex e-con\" data-id=\"bd2b4bf\" data-element_type=\"container\" data-settings=\"{&quot;content_width&quot;:&quot;boxed&quot;}\">\n\t\t\t\t\t<div class=\"e-con-inner\">\n\t\t\t\t<div class=\"elementor-element elementor-element-91859f9 elementor-widget elementor-widget-heading\" data-id=\"91859f9\" data-element_type=\"widget\" data-widget_type=\"heading.default\">\n\t\t\t\t<div class=\"elementor-widget-container\">\n\t\t\t<style>\/*! elementor - v3.13.3 - 28-05-2023 *\/\n.elementor-heading-title{padding:0;margin:0;line-height:1}.elementor-widget-heading .elementor-heading-title[class*=elementor-size-]>a{color:inherit;font-size:inherit;line-height:inherit}.elementor-widget-heading .elementor-heading-title.elementor-size-small{font-size:15px}.elementor-widget-heading .elementor-heading-title.elementor-size-medium{font-size:19px}.elementor-widget-heading .elementor-heading-title.elementor-size-large{font-size:29px}.elementor-widget-heading .elementor-heading-title.elementor-size-xl{font-size:39px}.elementor-widget-heading .elementor-heading-title.elementor-size-xxl{font-size:59px}<\/style><h2 class=\"elementor-heading-title elementor-size-default\">Z\u00e1pis do M\u0160 pro \u0161koln\u00ed rok 2026\/2027<\/h2>\t\t<\/div>\n\t\t\t\t<\/div>\n\t\t\t\t\t<\/div>\n\t\t\t\t<\/div>\n\t\t<div class=\"elementor-element elementor-element-abf2056 e-con-boxed e-flex e-con\" data-id=\"abf2056\" data-element_type=\"container\" data-settings=\"{&quot;content_width&quot;:&quot;boxed&quot;}\">\n\t\t\t\t\t<div class=\"e-con-inner\">\n\t\t\t\t<div class=\"elementor-element elementor-element-82dfbd3 elementor-widget elementor-widget-text-editor\" data-id=\"82dfbd3\" data-element_type=\"widget\" data-widget_type=\"text-editor.default\">\n\t\t\t\t<div class=\"elementor-widget-container\">\n\t\t\t<style>\/*! elementor - v3.13.3 - 28-05-2023 *\/\n.elementor-widget-text-editor.elementor-drop-cap-view-stacked .elementor-drop-cap{background-color:#69727d;color:#fff}.elementor-widget-text-editor.elementor-drop-cap-view-framed .elementor-drop-cap{color:#69727d;border:3px solid;background-color:transparent}.elementor-widget-text-editor:not(.elementor-drop-cap-view-default) .elementor-drop-cap{margin-top:8px}.elementor-widget-text-editor:not(.elementor-drop-cap-view-default) .elementor-drop-cap-letter{width:1em;height:1em}.elementor-widget-text-editor .elementor-drop-cap{float:left;text-align:center;line-height:1;font-size:50px}.elementor-widget-text-editor .elementor-drop-cap-letter{display:inline-block}<\/style>\t\t\t\t<h4><span style=\"text-decoration: underline;\"><span style=\"color: #ff0000; text-decoration: underline;\">Term\u00edn a \u010das z\u00e1pisu: 9. 4. 2026\u00a0 \u00a0 \u00a0 10:00 &#8211; 16:00<\/span><\/span><\/h4><h5>M\u00edsto z\u00e1pisu: Mate\u0159sk\u00e1 \u0161kola, P\u0159\u00edbram III, Jungmannova 91<\/h5><p><span style=\"text-decoration: underline;\"><strong>K z\u00e1pisu z\u00e1konn\u00fd z\u00e1stupce dolo\u017e\u00ed:<\/strong><\/span><\/p><ul><li>\u017d\u00e1dost o p\u0159ijet\u00ed d\u00edt\u011bte k p\u0159ed\u0161koln\u00edmu vzd\u011bl\u00e1v\u00e1n\u00ed\u00a0<\/li><li>Potvrzen\u00ed l\u00e9ka\u0159e o povinn\u00e9m o\u010dkov\u00e1n\u00ed<\/li><li>Rodn\u00fd list d\u00edt\u011bte<\/li><li>Doklad toto\u017enosti z\u00e1konn\u00e9ho z\u00e1stupce<\/li><\/ul><p>\u017e\u00e1dost o p\u0159ijet\u00ed d\u00edt\u011bte k p\u0159ed\u0161koln\u00edmu vzd\u011bl\u00e1v\u00e1n\u00ed a potvrzen\u00ed l\u00e9ka\u0159e o povinn\u00e9m o\u010dkov\u00e1n\u00ed si m\u016f\u017eete st\u00e1hnou N\u00cd\u017dE nebo <span style=\"text-decoration: underline;\"><span style=\"color: #ff0000; text-decoration: underline;\">po telefonick\u00e9 domluv\u011b s \u0159editelkou \u0161koly<\/span><\/span> osobn\u011b v kancel\u00e1\u0159i \u0161koly. Telefon na \u0159editelku \u0161koly: 774 130 182.<\/p><p>Pros\u00edm, v\u011bnujte n\u00e1le\u017eitou pozornost p\u0159i vypl\u0148ov\u00e1n\u00ed v\u0161ech dokument\u016f, v\u0161e vypl\u0148te \u010cITELN\u011a, v\u010detn\u011b kontakt\u016f &#8211; telefon i email.<\/p><p><strong>\u0158editelka \u0161koly rozhodne ve spr\u00e1vn\u00edm \u0159\u00edzen\u00ed o p\u0159ijet\u00ed \u010di nep\u0159ijet\u00ed d\u00edt\u011bte nejpozd\u011bji do 30. 4. 2026.<\/strong><\/p><p>P\u0159i pod\u00e1n\u00ed \u017e\u00e1dosti v\u00e1m bude p\u0159id\u011bleno registra\u010dn\u00ed \u010d\u00edslo. Pod t\u00edmto \u010d\u00edslem budou na webov\u00fdch str\u00e1nk\u00e1ch \u0161koly a i fyzicky v M\u0160 vyv\u011b\u0161eny v\u00fdsledky z\u00e1pisu.<\/p><p><strong>Mo\u017enost nahl\u00e9dnut\u00ed do spisu: 16. 4. 2026 od 10:00 &#8211; 15:00.<\/strong><\/p><p><strong>P\u0159\u00edpadn\u00e9 dopln\u011bn\u00ed spisu o dal\u0161\u00ed sd\u011blen\u00ed je mo\u017en\u00e9 17. 4. 2026 od 10:00 &#8211; 15:00.<\/strong><\/p><p>Ve\u0161ker\u00e9 informace v\u00e1m budou je\u0161t\u011b sd\u011bleny v den z\u00e1pisu.<\/p><p>V p\u0159\u00edpad\u011b dotaz\u016f kontaktujte \u0159editelku \u0161koly Jitku R\u00fdparovou, telefon: 774 130 182.<\/p>\t\t\t\t\t\t<\/div>\n\t\t\t\t<\/div>\n\t\t\t\t\t<\/div>\n\t\t\t\t<\/div>\n\t\t\t\t\t<\/div>\n\t\t\t\t<\/div>\n\t\t<div class=\"elementor-element elementor-element-6da15d3 e-con-boxed e-flex e-con\" data-id=\"6da15d3\" data-element_type=\"container\" data-settings=\"{&quot;content_width&quot;:&quot;boxed&quot;}\">\n\t\t\t\t\t<div class=\"e-con-inner\">\n\t\t<div class=\"elementor-element elementor-element-875376e e-con-boxed e-flex e-con\" data-id=\"875376e\" data-element_type=\"container\" data-settings=\"{&quot;content_width&quot;:&quot;boxed&quot;}\">\n\t\t\t\t\t<div class=\"e-con-inner\">\n\t\t\t\t<div class=\"elementor-element elementor-element-a0d8473 elementor-widget elementor-widget-text-editor\" data-id=\"a0d8473\" data-element_type=\"widget\" data-widget_type=\"text-editor.default\">\n\t\t\t\t<div class=\"elementor-widget-container\">\n\t\t\t\t\t\t\t\t\t\t\t\t\t<\/div>\n\t\t\t\t<\/div>\n\t\t<div class=\"elementor-element elementor-element-3669ab0 e-con-boxed e-flex e-con\" data-id=\"3669ab0\" data-element_type=\"container\" data-settings=\"{&quot;content_width&quot;:&quot;boxed&quot;}\">\n\t\t\t\t\t<div class=\"e-con-inner\">\n\t\t\t\t<div class=\"elementor-element elementor-element-8f73d93 elementor-widget elementor-widget-heading\" data-id=\"8f73d93\" data-element_type=\"widget\" data-widget_type=\"heading.default\">\n\t\t\t\t<div class=\"elementor-widget-container\">\n\t\t\t<h2 class=\"elementor-heading-title elementor-size-medium\">Ke sta\u017een\u00ed:\n<\/h2>\t\t<\/div>\n\t\t\t\t<\/div>\n\t\t\t\t\t<\/div>\n\t\t\t\t<\/div>\n\t\t\t\t<div class=\"elementor-element elementor-element-ef4e2ea elementor-widget elementor-widget-text-editor\" data-id=\"ef4e2ea\" data-element_type=\"widget\" data-widget_type=\"text-editor.default\">\n\t\t\t\t<div class=\"elementor-widget-container\">\n\t\t\t\t\t\t\t<p><a href=\"https:\/\/msjungmannovapb.cz\/wp-content\/uploads\/2026\/02\/Zadost-o-prijeti-ditete-do-MS.rtf\" target=\"_blank\" rel=\"noopener\">\u017d\u00e1dost o p\u0159ijet\u00ed d\u00edt\u011bt\u011b do M\u0160<\/a><\/p>\t\t\t\t\t\t<\/div>\n\t\t\t\t<\/div>\n\t\t\t\t<div class=\"elementor-element elementor-element-85e46ed elementor-widget elementor-widget-text-editor\" data-id=\"85e46ed\" data-element_type=\"widget\" data-widget_type=\"text-editor.default\">\n\t\t\t\t<div class=\"elementor-widget-container\">\n\t\t\t\t\t\t\t<p><a href=\"https:\/\/msjungmannovapb.cz\/wp-content\/uploads\/2026\/02\/Priloha_k_zadosti_ockovani.doc\" target=\"_blank\" rel=\"noopener\">P\u0159\u00edloha_k_\u017e\u00e1dosti_o\u010dkov\u00e1n\u00ed<\/a><\/p>\t\t\t\t\t\t<\/div>\n\t\t\t\t<\/div>\n\t\t\t\t\t<\/div>\n\t\t\t\t<\/div>\n\t\t\t\t<div class=\"elementor-element elementor-element-f55f851 elementor-widget elementor-widget-text-editor\" data-id=\"f55f851\" data-element_type=\"widget\" data-widget_type=\"text-editor.default\">\n\t\t\t\t<div class=\"elementor-widget-container\">\n\t\t\t\t\t\t\t<h6><a href=\"https:\/\/msjungmannovapb.cz\/wp-content\/uploads\/2026\/02\/Kriteria-pro-prijimani-deti-2026-27.docx\" target=\"_blank\" rel=\"noopener\">Krit\u00e9ria pro p\u0159ij\u00edm\u00e1n\u00ed d\u011bt\u00ed &#8211; 2026 &#8211; 27<\/a><\/h6>\t\t\t\t\t\t<\/div>\n\t\t\t\t<\/div>\n\t\t\t\t\t<\/div>\n\t\t\t\t<\/div>\n\t\t<div class=\"elementor-element elementor-element-ede590f e-con-boxed e-flex e-con\" data-id=\"ede590f\" data-element_type=\"container\" data-settings=\"{&quot;content_width&quot;:&quot;boxed&quot;}\">\n\t\t\t\t\t<div class=\"e-con-inner\">\n\t\t<div class=\"elementor-element elementor-element-1f0cdaf e-con-boxed e-flex e-con\" data-id=\"1f0cdaf\" data-element_type=\"container\" data-settings=\"{&quot;content_width&quot;:&quot;boxed&quot;}\">\n\t\t\t\t\t<div class=\"e-con-inner\">\n\t\t\t\t\t<\/div>\n\t\t\t\t<\/div>\n\t\t\t\t<div class=\"elementor-element elementor-element-36666e0 elementor-widget elementor-widget-heading\" data-id=\"36666e0\" data-element_type=\"widget\" data-widget_type=\"heading.default\">\n\t\t\t\t<div class=\"elementor-widget-container\">\n\t\t\t<h2 class=\"elementor-heading-title elementor-size-default\">Pr\u00e1zdninov\u00fd provoz 2026<\/h2>\t\t<\/div>\n\t\t\t\t<\/div>\n\t\t\t\t<div class=\"elementor-element elementor-element-2dd859b elementor-widget elementor-widget-text-editor\" data-id=\"2dd859b\" data-element_type=\"widget\" data-widget_type=\"text-editor.default\">\n\t\t\t\t<div class=\"elementor-widget-container\">\n\t\t\t\t\t\t\t<p>Na\u0161e mate\u0159sk\u00e1 \u0161kola bude v \u010dase letn\u00edch pr\u00e1zdnin otev\u0159ena <strong>od 10. 8. &#8211; 21. 8. 2026<\/strong><\/p><p>P\u0159ihl\u00e1\u0161ky k pr\u00e1zdninov\u00e9mu provozu bude mo\u017en\u00e9 vyzved\u00e1vat v\u00a0t\u00fddnu<span style=\"color: #ff0000;\"> od<strong> 18. 5. &#8211; 22. 5. 2026 v s\u00eddlech jednotliv\u00fdch mate\u0159sk\u00fdch \u0161kol<\/strong> <\/span>(tyto p\u0159ihl\u00e1\u0161ky bude mo\u017en\u00e9 z\u00e1rove\u0148 st\u00e1hnout z\u00a0webov\u00fdch str\u00e1nek jednotliv\u00fdch M\u0160).<\/p><p><strong>Zp\u011bt budou rodi\u010de vypln\u011bn\u00e9 p\u0159ihl\u00e1\u0161ky odevzd\u00e1vat do jednotliv\u00fdch M\u0160 v t\u00fddnu 25. 5. &#8211; 29. 5. 2026.\u00a0<\/strong><\/p><p><strong>Pros\u00edm o dodr\u017een\u00ed v\u00fd\u0161e uveden\u00fdch term\u00edn\u016f!!!<\/strong><\/p><p><strong><u>\u0160kolkovn\u00e9 v dob\u011b pr\u00e1zdninov\u00e9ho provozu<\/u><\/strong><\/p><ul><li>bude se platit pau\u0161\u00e1ln\u011b \u2013 pom\u011brn\u00e1 \u010d\u00e1st \u0161kolkovn\u00e9ho v\u00a0dan\u00e9 M\u0160 za dobu, kdy m\u00e1 \u0161kolka otev\u0159eno<\/li><li>pokud p\u0159ihl\u00e1\u0161en\u00e9 d\u00edt\u011b nebude do M\u0160 chodit v\u00a0dob\u011b otev\u0159en\u00ed M\u0160, bude se vracet pouze stravn\u00e9, \u0161kolkovn\u00e9 ne<\/li><li>z\u00e1konn\u00fd z\u00e1stupce d\u00edt\u011bte uhrad\u00ed platby (\u0161kolkovn\u00e9 a stravn\u00e9)\u00a0 do 19. 6. 2026.<\/li><li>\u010d\u00e1stka za \u0161kolkovn\u00e9 je stanovena na<strong><span style=\"color: #ff0000;\"> 286,- K\u010d<\/span><\/strong><\/li><\/ul><p><strong><u>Zp\u016fsob platby:<\/u><\/strong><\/p><p>Hotov\u011b v kancel\u00e1\u0159i V\u0160J <span style=\"text-decoration: underline;\"><strong>nejpozd\u011bji do 19. 6. 2026.<\/strong><\/span><\/p><p><strong><u>V\u00fd\u0161e stravn\u00e9ho:<\/u><\/strong><\/p><ul><li>podle po\u010dtu dn\u016f, na kter\u00e9 sv\u00e9 d\u00edt\u011b p\u0159ihl\u00e1s\u00edte<\/li><\/ul>\t\t\t\t\t\t<\/div>\n\t\t\t\t<\/div>\n\t\t\t\t<div class=\"elementor-element elementor-element-36d5d05 elementor-widget elementor-widget-text-editor\" data-id=\"36d5d05\" data-element_type=\"widget\" data-widget_type=\"text-editor.default\">\n\t\t\t\t<div class=\"elementor-widget-container\">\n\t\t\t\t\t\t\t<p><span style=\"text-decoration: underline;\"><strong>Ke sta\u017een\u00ed:<\/strong><\/span><\/p>\t\t\t\t\t\t<\/div>\n\t\t\t\t<\/div>\n\t\t\t\t<div class=\"elementor-element elementor-element-fd91ce5 elementor-widget elementor-widget-text-editor\" data-id=\"fd91ce5\" data-element_type=\"widget\" data-widget_type=\"text-editor.default\">\n\t\t\t\t<div class=\"elementor-widget-container\">\n\t\t\t\t\t\t\t<p><a href=\"https:\/\/msjungmannovapb.cz\/wp-content\/uploads\/2026\/02\/Prihlaska-prazdninovy_provoz_2026.doc\" target=\"_blank\" rel=\"noopener\">P\u0159ihl\u00e1\u0161ka-pr\u00e1zdninov\u00fd_provoz_2026<\/a><\/p>\t\t\t\t\t\t<\/div>\n\t\t\t\t<\/div>\n\t\t\t\t\t<\/div>\n\t\t\t\t<\/div>\n\t\t\t\t\t\t\t<\/div>\n\t\t","protected":false},"excerpt":{"rendered":"<p>Z\u00e1pis do M\u0160 pro \u0161koln\u00ed rok 2026\/2027 Term\u00edn a \u010das z\u00e1pisu: 9. 4. 2026\u00a0 \u00a0 \u00a0 10:00 &#8211; 16:00 M\u00edsto z\u00e1pisu: Mate\u0159sk\u00e1 \u0161kola, P\u0159\u00edbram III, Jungmannova 91 K z\u00e1pisu z\u00e1konn\u00fd z\u00e1stupce dolo\u017e\u00ed: \u017d\u00e1dost o p\u0159ijet\u00ed d\u00edt\u011bte k p\u0159ed\u0161koln\u00edmu vzd\u011bl\u00e1v\u00e1n\u00ed\u00a0 Potvrzen\u00ed l\u00e9ka\u0159e o povinn\u00e9m o\u010dkov\u00e1n\u00ed Rodn\u00fd list d\u00edt\u011bte Doklad toto\u017enosti z\u00e1konn\u00e9ho z\u00e1stupce \u017e\u00e1dost o p\u0159ijet\u00ed d\u00edt\u011bte k p\u0159ed\u0161koln\u00edmu vzd\u011bl\u00e1v\u00e1n\u00ed a potvrzen\u00ed l\u00e9ka\u0159e o povinn\u00e9m o\u010dkov\u00e1n\u00ed si m\u016f\u017eete st\u00e1hnou N\u00cd\u017dE nebo po telefonick\u00e9 domluv\u011b s \u0159editelkou \u0161koly osobn\u011b v kancel\u00e1\u0159i \u0161koly. Telefon na \u0159editelku \u0161koly: 774 130 182. Pros\u00edm, v\u011bnujte n\u00e1le\u017eitou pozornost p\u0159i vypl\u0148ov\u00e1n\u00ed v\u0161ech dokument\u016f, v\u0161e vypl\u0148te \u010cITELN\u011a, v\u010detn\u011b kontakt\u016f &#8211;\u2026<\/p>\n","protected":false},"author":1,"featured_media":0,"parent":0,"menu_order":0,"comment_status":"closed","ping_status":"closed","template":"","meta":[],"blocksy_meta":"","_links":{"self":[{"href":"https:\/\/msjungmannovapb.cz\/index.php?rest_route=\/wp\/v2\/pages\/1415"}],"collection":[{"href":"https:\/\/msjungmannovapb.cz\/index.php?rest_route=\/wp\/v2\/pages"}],"about":[{"href":"https:\/\/msjungmannovapb.cz\/index.php?rest_route=\/wp\/v2\/types\/page"}],"author":[{"embeddable":true,"href":"https:\/\/msjungmannovapb.cz\/index.php?rest_route=\/wp\/v2\/users\/1"}],"replies":[{"embeddable":true,"href":"https:\/\/msjungmannovapb.cz\/index.php?rest_route=%2Fwp%2Fv2%2Fcomments&post=1415"}],"version-history":[{"count":143,"href":"https:\/\/msjungmannovapb.cz\/index.php?rest_route=\/wp\/v2\/pages\/1415\/revisions"}],"predecessor-version":[{"id":3557,"href":"https:\/\/msjungmannovapb.cz\/index.php?rest_route=\/wp\/v2\/pages\/1415\/revisions\/3557"}],"wp:attachment":[{"href":"https:\/\/msjungmannovapb.cz\/index.php?rest_route=%2Fwp%2Fv2%2Fmedia&parent=1415"}],"curies":[{"name":"wp","href":"https:\/\/api.w.org\/{rel}","templated":true}]}}