{"id":1896,"date":"2023-06-15T18:29:09","date_gmt":"2023-06-15T16:29:09","guid":{"rendered":"https:\/\/msjungmannovapb.cz\/?page_id=1896"},"modified":"2023-06-15T18:29:10","modified_gmt":"2023-06-15T16:29:10","slug":"ochrana-osobnich-udaju-2","status":"publish","type":"page","link":"https:\/\/msjungmannovapb.cz\/?page_id=1896","title":{"rendered":"Ochrana osobn\u00edch \u00fadaj\u016f"},"content":{"rendered":"\n<p>Informace o zpracov\u00e1n\u00ed osobn\u00edch \u00fadaj\u016f<br><br>Mate\u0159sk\u00e1 \u0161kola, P\u0159\u00edbram III, Jungmannova 91, zpracov\u00e1v\u00e1 osobn\u00ed \u00fadaje v souladu s Na\u0159\u00edzen\u00edm<br>Evropsk\u00e9ho parlamentu a Rady (EU) 2016\/679 o ochran\u011b fyzick\u00fdch osob v souvislosti se zpracov\u00e1n\u00edm osobn\u00edch \u00fadaj\u016f a o voln\u00e9m pohybu t\u011bchto \u00fadaj\u016f ze dne 27. 4. 2016 a dal\u0161\u00edmi pr\u00e1vn\u00edmi p\u0159edpisy t\u00fdkaj\u00edc\u00ed se ochrany osobn\u00edch \u00fadaj\u016f.<br><br><strong>Spr\u00e1vce osobn\u00edch \u00fadaj\u016f:<br><\/strong>Mate\u0159sk\u00e1 \u0161kola, P\u0159\u00edbram III, Jungmannova 91, I\u010cO: 7087900, zastoupen\u00e1 \u0159editelkou \u0161koly Jitkou<br>\u010cernou, kontaktn\u00ed telefon: 318627014, +420 774 130 182, e-mail: ms12.pribram@volny.cz<br><br><strong>Kategorie osobn\u00edch \u00fadaj\u016f:<br><\/strong>Mezi osobn\u00ed \u00fadaje, kter\u00e9 m\u016f\u017eeme shroma\u017e\u010fovat a zpracov\u00e1vat, pat\u0159\u00ed mimo jin\u00e9:<br>\uf0b7 \u00dadaje, jejich\u017e zpracov\u00e1n\u00ed n\u00e1m ukl\u00e1d\u00e1 z\u00e1konn\u00e1 povinnost<br>\uf0b7 Informace, kter\u00e9 n\u00e1m poskytnete p\u0159i komunikaci s n\u00e1mi<br>\uf0b7 \u00dadaje z\u00edskan\u00e9 na z\u00e1klad\u011b souhlasu z\u00e1konn\u00fdch z\u00e1stupc\u016f<br>\uf0b7 Informace pot\u0159ebn\u00e9 k zaji\u0161t\u011bn\u00ed bezpe\u010dnosti, ochrany zdrav\u00ed a majetku<br>Jedn\u00e1 se nap\u0159\u00edklad o: Jm\u00e9no; P\u0159\u00edjmen\u00ed; Titul; Datum narozen\u00ed; M\u00edsto narozen\u00ed; Rodn\u00e9 \u010d\u00edslo; St\u00e1tn\u00ed<br>ob\u010danstv\u00ed; N\u00e1rodnost; M\u00edsto trval\u00e9ho pobytu; Doru\u010dovac\u00ed adresa; Telefon; E-mail; Zdravotn\u00ed<br>poji\u0161\u0165ovna; L\u00e9ka\u0159sk\u00e9 z\u00e1znamy; O\u010dkov\u00e1n\u00ed; Soudn\u00ed rozhodnut\u00ed o sv\u011b\u0159en\u00ed do p\u00e9\u010de; Alergie; Potvrzen\u00ed o bezinfek\u010dnosti; Zdravotn\u00ed zp\u016fsobilost; L\u00e9ky; Potvrzen\u00ed od l\u00e9ka\u0159e; Podpis.<br><br><strong>Pr\u00e1vn\u00ed z\u00e1klad pro zpracov\u00e1n\u00ed osobn\u00edch \u00fadaj\u016f:<\/strong><br>Zpracov\u00e1n\u00ed Va\u0161ich osobn\u00edch \u00fadaj\u016f je v\u017edy podlo\u017eeno pr\u00e1vn\u00edm z\u00e1kladem, kter\u00fdm je:<br>\uf0b7 zpracov\u00e1n\u00ed je nezbytn\u00e9 pro spln\u011bn\u00ed pr\u00e1vn\u00edch povinnosti, kter\u00e1 se na spr\u00e1vce vztahuje.<br>\uf0b7 Mezi z\u00e1kladn\u00ed pr\u00e1vn\u00ed p\u0159edpisy pat\u0159\u00ed: 561\/2004 Sb., &#8211; \u0160kolsk\u00fd z\u00e1kon; 563\/2004 Sb., &#8211; Z\u00e1kon o<br>pedagogick\u00fdch pracovn\u00edc\u00edch; 14\/2005 Sb., &#8211; Vyhl\u00e1\u0161ka o p\u0159ed\u0161koln\u00edm vzd\u011bl\u00e1v\u00e1n\u00ed; 364\/2005<br>Sb., &#8211; Vyhl\u00e1\u0161ka o dokumentaci \u0161kol a \u0161kolsk\u00fdch za\u0159\u00edzen\u00ed; 89\/2012 Sb., &#8211; Ob\u010dansk\u00fd z\u00e1kon\u00edk;<br>500\/2004 Sb., &#8211; Spr\u00e1vn\u00ed \u0159\u00e1d; 75\/2005 Sb., Na\u0159\u00edzen\u00ed vl\u00e1dy o stanoven\u00ed rozsahu p\u0159\u00edm\u00e9<br>vyu\u010dovac\u00ed, p\u0159\u00edm\u00e9 v\u00fdchovn\u00e9, p\u0159\u00edm\u00e9 speci\u00e1ln\u011b pedagogick\u00e9 a p\u0159\u00edm\u00e9 pedagogicko-psychologick\u00e9<br>\u010dinnosti pedagogick\u00fdch pracovn\u00edk\u016f; 27\/2016 Sb.,- Vyhl\u00e1\u0161ka o vzd\u011bl\u00e1v\u00e1n\u00ed \u017e\u00e1k\u016f se speci\u00e1ln\u00edmi<br>vzd\u011bl\u00e1vac\u00edmi pot\u0159ebami a \u017e\u00e1k\u016f nadan\u00fdch; 499\/2004 Sb., &#8211; Z\u00e1kon o archivnictv\u00ed a spisov\u00e9<br>slu\u017eb\u011b a o zm\u011bn\u011b n\u011bkter\u00fdch z\u00e1kon\u016f; 262\/2006 Sb., &#8211; Z\u00e1kon z\u00e1kon\u00edk pr\u00e1ce; a dal\u0161\u00ed legislativa,<br>\uf0b7 zpracov\u00e1n\u00ed je nezbytn\u00e9 pro spln\u011bn\u00ed smlouvy, jej\u00ed\u017e smluvn\u00ed stranou je subjekt \u00fadaj\u016f, nebo pro<br>proveden\u00ed opat\u0159en\u00ed p\u0159ijat\u00fdch p\u0159ed uzav\u0159en\u00edm smlouvy na \u017e\u00e1dost tohoto subjektu \u00fadaj\u016f<br>\uf0b7 subjekt \u00fadaj\u016f ud\u011blil souhlas se zpracov\u00e1n\u00edm sv\u00fdch osobn\u00edch \u00fadaj\u016f pro jeden \u010di v\u00edce<br>konkr\u00e9tn\u00edch \u00fa\u010del\u016f<br>\uf0b7 zpracov\u00e1n\u00ed je nezbytn\u00e9 pro ochranu \u017eivotn\u011b d\u016fle\u017eit\u00fdch z\u00e1jm\u016f subjektu \u00fadaj\u016f nebo jin\u00e9<br>fyzick\u00e9 osoby<br>\uf0b7 zpracov\u00e1n\u00ed je nezbytn\u00e9 pro spln\u011bn\u00ed \u00fakolu prov\u00e1d\u011bn\u00e9ho ve ve\u0159ejn\u00e9m z\u00e1jmu nebo p\u0159i v\u00fdkonu<br>ve\u0159ejn\u00e9 moci, kter\u00fdm je pov\u011b\u0159en spr\u00e1vce\uf0b7 zpracov\u00e1n\u00ed je nezbytn\u00e9 pro \u00fa\u010dely opr\u00e1vn\u011bn\u00fdch z\u00e1jm\u016f p\u0159\u00edslu\u0161n\u00e9ho spr\u00e1vce \u010di t\u0159et\u00ed strany,<br>krom\u011b p\u0159\u00edpad\u016f, kdy p\u0159ed t\u011bmito z\u00e1jmy maj\u00ed p\u0159ednost z\u00e1jmy nebo z\u00e1kladn\u00ed pr\u00e1va<br>\uf0b7 a svobody subjektu \u00fadaj\u016f vy\u017eaduj\u00edc\u00ed ochranu osobn\u00edch \u00fadaj\u016f.<br>\u00da\u010dely zpracov\u00e1n\u00ed osobn\u00edch \u00fadaj\u016f:<br>\uf0b7 pln\u011bn\u00ed z\u00e1konn\u00fdch povinnost\u00ed mate\u0159sk\u00e9 \u0161koly, v\u010detn\u011b poskytov\u00e1n\u00ed informac\u00ed<br>\uf0b7 pln\u011bn\u00ed z\u00e1konn\u00fdch povinnost\u00ed v pracovn\u011b pr\u00e1vn\u00edch vztaz\u00edch se zam\u011bstnanci \u0161koly<br>\uf0b7 spr\u00e1va na\u0161ich smluvn\u00edch z\u00e1vazk\u016f a prob\u00edhaj\u00edc\u00edho smluvn\u00edho vztahu, v\u010detn\u011b jedn\u00e1n\u00ed se<br>smluvn\u00edmi stranami<br>\uf0b7 zaji\u0161\u0165ov\u00e1n\u00ed bezpe\u010dnosti na\u0161ich webov\u00fdch str\u00e1nek, s\u00edt\u00ed, syst\u00e9m\u016f, budov a pozemk\u016f \u0161koly<br>Uchov\u00e1n\u00ed osobn\u00edch \u00fadaj\u016f:<br>Osobn\u00ed \u00fadaje budou uchov\u00e1ny pouze po dobu, kter\u00e1 je pot\u0159ebn\u00e1 pro \u00fa\u010dely, za kter\u00fdmi byly<br>shrom\u00e1\u017ed\u011bny, obvykle po dobu stanovenou pr\u00e1vn\u00edm r\u00e1mcem \u010cR nebo stanovenou Va\u0161\u00edm souhlasem.<br><br><strong>Ochrana osobn\u00edch \u00fadaj\u016f:<\/strong><br>Uplat\u0148ujeme vhodn\u00e1 technick\u00e1, fyzick\u00e1 a organiza\u010dn\u00ed opat\u0159en\u00ed, kter\u00e1 jsou p\u0159im\u011b\u0159en\u011b navr\u017eena tak, aby zaji\u0161\u0165ovala ochranu osobn\u00edch \u00fadaj\u016f p\u0159ed n\u00e1hodn\u00fdm nebo protipr\u00e1vn\u00edm zni\u010den\u00edm, ztr\u00e1tou, \u00fapravami, nepovolen\u00fdm zve\u0159ejn\u011bn\u00edm nebo p\u0159\u00edstupem a dal\u0161\u00edmi formami nez\u00e1konn\u00e9ho zpracov\u00e1n\u00ed. K osobn\u00edm \u00fadaj\u016fm maj\u00ed p\u0159\u00edstup jen ur\u010den\u00ed zam\u011bstnanci a p\u0159\u00edstup k osobn\u00edm \u00fadaj\u016fm je omezen na opr\u00e1vn\u011bn\u00e9 p\u0159\u00edjemce, kte\u0159\u00ed tyto \u00fadaje pot\u0159ebuj\u00ed zn\u00e1t.<br><br><strong>Pr\u00e1va subjektu \u00fadaj\u016f:<br><\/strong>M\u00e1te pr\u00e1vo v relevantn\u00edch p\u0159\u00edpadech a do m\u00edry p\u0159\u00edpustn\u00e9 podle platn\u00e9ho z\u00e1kona se na n\u00e1s obracet za \u00fa\u010delem uplatn\u011bn\u00ed pr\u00e1va:<br>\uf0b7 na p\u0159\u00edstup k osobn\u00edm \u00fadaj\u016fm,<br>\uf0b7 opravu na aktualizaci sv\u00fdch nep\u0159esn\u00fdch nebo neaktu\u00e1ln\u00edch osobn\u00edch \u00fadaj\u016f,<br>\uf0b7 vz\u00edt souhlas kdykoliv zp\u011bt, i bez ud\u00e1n\u00ed d\u016fvodu,<br>\uf0b7 po\u017eadovat v\u00fdmaz osobn\u00edch \u00fadaj\u016f, k nim\u017e byl ud\u011blen souhlas<br>\uf0b7 pokud by do\u0161lo k poru\u0161en\u00ed povinnosti ochrany osobn\u00edch \u00fadaj\u016f ze strany \u0161koly, m\u016f\u017eete se<br>dom\u00e1hat n\u00e1pravy s vyu\u017eit\u00edm v\u0161ech prost\u0159edk\u016f, kter\u00e9 mu k tomu platn\u00e1 pr\u00e1vn\u00ed \u00faprava<br>poskytuje, zejm\u00e9na \u017e\u00e1dosti o vysv\u011btlen\u00ed, n\u00e1mitky \u010di st\u00ed\u017enosti a dal\u0161\u00edch pr\u00e1v podle obecn\u00e9ho<br>na\u0159\u00edzen\u00ed o ochran\u011b osobn\u00edch \u00fadaj\u016f.<br><br><strong>Sv\u00e1 pr\u00e1va m\u016f\u017eete uplatnit kontaktov\u00e1n\u00edm spr\u00e1vce osobn\u00edch \u00fadaj\u016f:<\/strong><br>Mate\u0159sk\u00e1 \u0161kola, P\u0159\u00edbram III, Jungmannova 91, I\u010cO: 70887900, zastoupen\u00e1 \u0159editelkou \u0161koly Jitkou \u010cernou, telefon: 318627014; +420 774 130 182; e-mail: ms12.pribram@volny.cz nebo kontaktov\u00e1n\u00edm pov\u011b\u0159ence \u0161koly: Ing. Michaela Kubov\u00e1, tel. +420 705 113 029, e-mail: pover.kubova@email.cz.<\/p>\n","protected":false},"excerpt":{"rendered":"<p>Informace o zpracov\u00e1n\u00ed osobn\u00edch \u00fadaj\u016f Mate\u0159sk\u00e1 \u0161kola, P\u0159\u00edbram III, Jungmannova 91, zpracov\u00e1v\u00e1 osobn\u00ed \u00fadaje v souladu s Na\u0159\u00edzen\u00edmEvropsk\u00e9ho parlamentu a Rady (EU) 2016\/679 o ochran\u011b fyzick\u00fdch osob v souvislosti se zpracov\u00e1n\u00edm osobn\u00edch \u00fadaj\u016f a o voln\u00e9m pohybu t\u011bchto \u00fadaj\u016f ze dne 27. 4. 2016 a dal\u0161\u00edmi pr\u00e1vn\u00edmi p\u0159edpisy t\u00fdkaj\u00edc\u00ed se ochrany osobn\u00edch \u00fadaj\u016f. Spr\u00e1vce osobn\u00edch \u00fadaj\u016f:Mate\u0159sk\u00e1 \u0161kola, P\u0159\u00edbram III, Jungmannova 91, I\u010cO: 7087900, zastoupen\u00e1 \u0159editelkou \u0161koly Jitkou\u010cernou, kontaktn\u00ed telefon: 318627014, +420 774 130 182, e-mail: ms12.pribram@volny.cz Kategorie osobn\u00edch \u00fadaj\u016f:Mezi osobn\u00ed \u00fadaje, kter\u00e9 m\u016f\u017eeme shroma\u017e\u010fovat a zpracov\u00e1vat, pat\u0159\u00ed mimo jin\u00e9:\uf0b7 \u00dadaje, jejich\u017e zpracov\u00e1n\u00ed n\u00e1m ukl\u00e1d\u00e1 z\u00e1konn\u00e1 povinnost\uf0b7 Informace, kter\u00e9 n\u00e1m poskytnete\u2026<\/p>\n","protected":false},"author":1,"featured_media":0,"parent":0,"menu_order":0,"comment_status":"closed","ping_status":"closed","template":"","meta":[],"blocksy_meta":"","_links":{"self":[{"href":"https:\/\/msjungmannovapb.cz\/index.php?rest_route=\/wp\/v2\/pages\/1896"}],"collection":[{"href":"https:\/\/msjungmannovapb.cz\/index.php?rest_route=\/wp\/v2\/pages"}],"about":[{"href":"https:\/\/msjungmannovapb.cz\/index.php?rest_route=\/wp\/v2\/types\/page"}],"author":[{"embeddable":true,"href":"https:\/\/msjungmannovapb.cz\/index.php?rest_route=\/wp\/v2\/users\/1"}],"replies":[{"embeddable":true,"href":"https:\/\/msjungmannovapb.cz\/index.php?rest_route=%2Fwp%2Fv2%2Fcomments&post=1896"}],"version-history":[{"count":1,"href":"https:\/\/msjungmannovapb.cz\/index.php?rest_route=\/wp\/v2\/pages\/1896\/revisions"}],"predecessor-version":[{"id":1897,"href":"https:\/\/msjungmannovapb.cz\/index.php?rest_route=\/wp\/v2\/pages\/1896\/revisions\/1897"}],"wp:attachment":[{"href":"https:\/\/msjungmannovapb.cz\/index.php?rest_route=%2Fwp%2Fv2%2Fmedia&parent=1896"}],"curies":[{"name":"wp","href":"https:\/\/api.w.org\/{rel}","templated":true}]}}